{"id":2052,"date":"2024-02-15T07:17:15","date_gmt":"2024-02-15T07:17:15","guid":{"rendered":"https:\/\/spiceislandsdistillingco.com\/?page_id=2052"},"modified":"2024-03-19T11:59:46","modified_gmt":"2024-03-19T11:59:46","slug":"culture-de","status":"publish","type":"page","link":"https:\/\/spiceislandsdistillingco.com\/de\/culture-de\/","title":{"rendered":"KULTUR"},"content":{"rendered":"<div data-elementor-type=\"wp-page\" data-elementor-id=\"2052\" class=\"elementor elementor-2052\" data-elementor-post-type=\"page\">\n\t\t\t\t\t\t<section class=\"elementor-section elementor-top-section elementor-element elementor-element-c5e8da3 elementor-section-full_width elementor-section-height-min-height elementor-section-content-middle elementor-section-height-default elementor-section-items-middle\" data-id=\"c5e8da3\" data-element_type=\"section\" data-e-type=\"section\">\n\t\t\t\t\t\t<div class=\"elementor-container elementor-column-gap-no\">\n\t\t\t\t\t<div class=\"elementor-column elementor-col-100 elementor-top-column elementor-element elementor-element-0f645ee\" data-id=\"0f645ee\" data-element_type=\"column\" data-e-type=\"column\">\n\t\t\t<div class=\"elementor-widget-wrap elementor-element-populated\">\n\t\t\t\t\t\t<div class=\"elementor-element elementor-element-906588b elementor--h-position-center elementor--v-position-middle elementor-pagination-position-inside elementor-widget elementor-widget-slides\" data-id=\"906588b\" data-element_type=\"widget\" data-e-type=\"widget\" data-settings=\"{&quot;navigation&quot;:&quot;dots&quot;,&quot;transition&quot;:&quot;fade&quot;,&quot;autoplay&quot;:&quot;yes&quot;,&quot;pause_on_hover&quot;:&quot;yes&quot;,&quot;pause_on_interaction&quot;:&quot;yes&quot;,&quot;autoplay_speed&quot;:5000,&quot;infinite&quot;:&quot;yes&quot;,&quot;transition_speed&quot;:500}\" data-widget_type=\"slides.default\">\n\t\t\t\t<div class=\"elementor-widget-container\">\n\t\t\t\t\t\t\t\t\t<div class=\"elementor-swiper\">\n\t\t\t\t\t<div class=\"elementor-slides-wrapper elementor-main-swiper swiper\" role=\"region\" aria-roledescription=\"carousel\" aria-label=\"Slides\" dir=\"ltr\" data-animation=\"fadeInUp\">\n\t\t\t\t<div class=\"swiper-wrapper elementor-slides\">\n\t\t\t\t\t\t\t\t\t\t<div class=\"elementor-repeater-item-9d709b9 swiper-slide\" role=\"group\" aria-roledescription=\"slide\"><div class=\"swiper-slide-bg elementor-ken-burns elementor-ken-burns--in\" role=\"img\" aria-label=\"SpiceIslands Landscape\"><\/div><div class=\"elementor-background-overlay\"><\/div><div class=\"swiper-slide-inner\" ><div class=\"swiper-slide-contents\"><div class=\"elementor-slide-heading\">Wir werden die indonesische Stimmung wecken<\/div><\/div><\/div><\/div>\t\t\t\t<\/div>\n\t\t\t\t\t\t\t<\/div>\n\t\t\t\t<\/div>\n\t\t\t\t\t\t\t\t<\/div>\n\t\t\t\t<\/div>\n\t\t\t\t\t<\/div>\n\t\t<\/div>\n\t\t\t\t\t<\/div>\n\t\t<\/section>\n\t\t\t\t<section class=\"elementor-section elementor-top-section elementor-element elementor-element-e46a6cf elementor-section-full_width elementor-section-height-min-height elementor-section-height-default elementor-section-items-middle\" data-id=\"e46a6cf\" data-element_type=\"section\" data-e-type=\"section\" data-settings=\"{&quot;background_background&quot;:&quot;classic&quot;}\">\n\t\t\t\t\t\t\t<div class=\"elementor-background-overlay\"><\/div>\n\t\t\t\t\t\t\t<div class=\"elementor-container elementor-column-gap-default\">\n\t\t\t\t\t<div class=\"elementor-column elementor-col-100 elementor-top-column elementor-element elementor-element-2c5e50b\" data-id=\"2c5e50b\" data-element_type=\"column\" data-e-type=\"column\">\n\t\t\t<div class=\"elementor-widget-wrap elementor-element-populated\">\n\t\t\t\t\t\t<div class=\"elementor-element elementor-element-f248e0e elementor-widget elementor-widget-heading\" data-id=\"f248e0e\" data-element_type=\"widget\" data-e-type=\"widget\" data-widget_type=\"heading.default\">\n\t\t\t\t<div class=\"elementor-widget-container\">\n\t\t\t\t\t<h2 class=\"elementor-heading-title elementor-size-default\">Ein Vorgeschmack auf die Gew\u00fcrzinseln<\/h2>\t\t\t\t<\/div>\n\t\t\t\t<\/div>\n\t\t\t\t<div class=\"elementor-element elementor-element-511bc5e elementor-widget elementor-widget-text-editor\" data-id=\"511bc5e\" data-element_type=\"widget\" data-e-type=\"widget\" data-widget_type=\"text-editor.default\">\n\t\t\t\t<div class=\"elementor-widget-container\">\n\t\t\t\t\t\t\t\t\t<p>Wir werden die indonesische Stimmung heben, indem wir&#8230;<br \/>Unser Engagement f\u00fcr die Herstellung authentischer, handwerklich hergestellter Spirituosen in kleinen Mengen in einer Weltklasse-Brennerei<br \/>Schaffen Sie unvergessliche Erlebnisse, die es wert sind, ein Glas Spirituosen zu trinken<br \/>Geben Sie unseren Gemeinden etwas zur\u00fcck, um ihre Stimmung zu heben<\/p>\t\t\t\t\t\t\t\t<\/div>\n\t\t\t\t<\/div>\n\t\t\t\t\t<\/div>\n\t\t<\/div>\n\t\t\t\t\t<\/div>\n\t\t<\/section>\n\t\t\t\t<section class=\"elementor-section elementor-top-section elementor-element elementor-element-1581851 elementor-section-boxed elementor-section-height-default elementor-section-height-default\" data-id=\"1581851\" data-element_type=\"section\" data-e-type=\"section\" data-settings=\"{&quot;background_background&quot;:&quot;classic&quot;}\">\n\t\t\t\t\t\t<div class=\"elementor-container elementor-column-gap-default\">\n\t\t\t\t\t<div class=\"elementor-column elementor-col-100 elementor-top-column elementor-element elementor-element-f1b5b6d\" data-id=\"f1b5b6d\" data-element_type=\"column\" data-e-type=\"column\">\n\t\t\t<div class=\"elementor-widget-wrap\">\n\t\t\t\t\t\t\t<\/div>\n\t\t<\/div>\n\t\t\t\t\t<\/div>\n\t\t<\/section>\n\t\t\t\t<section class=\"elementor-section elementor-top-section elementor-element elementor-element-5882eaa elementor-section-boxed elementor-section-height-default elementor-section-height-default\" data-id=\"5882eaa\" data-element_type=\"section\" data-e-type=\"section\" data-settings=\"{&quot;background_background&quot;:&quot;classic&quot;}\">\n\t\t\t\t\t\t<div class=\"elementor-container elementor-column-gap-default\">\n\t\t\t\t\t<div class=\"elementor-column elementor-col-100 elementor-top-column elementor-element elementor-element-e93ae5a\" data-id=\"e93ae5a\" data-element_type=\"column\" data-e-type=\"column\">\n\t\t\t<div class=\"elementor-widget-wrap elementor-element-populated\">\n\t\t\t\t\t\t<div class=\"elementor-element elementor-element-c815dce elementor-widget elementor-widget-heading\" data-id=\"c815dce\" data-element_type=\"widget\" data-e-type=\"widget\" data-widget_type=\"heading.default\">\n\t\t\t\t<div class=\"elementor-widget-container\">\n\t\t\t\t\t<h2 class=\"elementor-heading-title elementor-size-default\">Unsere Charta<\/h2>\t\t\t\t<\/div>\n\t\t\t\t<\/div>\n\t\t\t\t<div class=\"elementor-element elementor-element-7900856 elementor-widget elementor-widget-text-editor\" data-id=\"7900856\" data-element_type=\"widget\" data-e-type=\"widget\" data-widget_type=\"text-editor.default\">\n\t\t\t\t<div class=\"elementor-widget-container\">\n\t\t\t\t\t\t\t\t\t<p>Es ist unser Nordstern, es ist eine Reihe von Prinzipien, die wir leben und atmen und die uns bei allem, was wir in der Brennerei tun, leiten.<br \/>Es ist unser Moralkodex, er erinnert uns daran, wer wir sind und warum wir tun, was wir tun. Das ist unser Versprechen an Sie.<\/p>\t\t\t\t\t\t\t\t<\/div>\n\t\t\t\t<\/div>\n\t\t\t\t<div class=\"elementor-element elementor-element-af7cdb8 elementor-widget-divider--view-line elementor-widget elementor-widget-divider\" data-id=\"af7cdb8\" data-element_type=\"widget\" data-e-type=\"widget\" data-widget_type=\"divider.default\">\n\t\t\t\t<div class=\"elementor-widget-container\">\n\t\t\t\t\t\t\t<div class=\"elementor-divider\">\n\t\t\t<span class=\"elementor-divider-separator\">\n\t\t\t\t\t\t<\/span>\n\t\t<\/div>\n\t\t\t\t\t\t<\/div>\n\t\t\t\t<\/div>\n\t\t\t\t<div class=\"elementor-element elementor-element-0cbbe83 elementor-widget elementor-widget-text-editor\" data-id=\"0cbbe83\" data-element_type=\"widget\" data-e-type=\"widget\" data-widget_type=\"text-editor.default\">\n\t\t\t\t<div class=\"elementor-widget-container\">\n\t\t\t\t\t\t\t\t\t<ul style=\"list-style-type:none;\">\n \t<li><strong>Wir lieben indonesische Produkte \u2013<\/strong> wir durchsuchen den Archipel nach den besten indonesischen Aromen und Zutaten<\/li>\n \t<li><strong>Wir gehen niemals Kompromisse ein \u2013<\/strong> nur das Beste reicht aus. Keine k\u00fcnstlichen Aromen, keine gef\u00e4lschten Produkte, keine Abk\u00fcrzungen<\/li>\n \t<li><strong>Wir stehen zu unserem Wort \u2013<\/strong> ein Versprechen ist ein gehaltenes Versprechen. Keine Tricks, keine L\u00fcgen, keine falschen Behauptungen<\/li>\n \t<li><strong>Wir sind innovativ \u2013<\/strong> wir gehen dorthin, wo noch niemand zuvor war. Wir werden f\u00fchren, nicht folgen<\/li>\n \t<li><strong>Eine gro\u00dfe, gl\u00fcckliche Familie \u2013<\/strong> und zu dieser Familie geh\u00f6ren Partner, Lieferanten und Kunden<\/li>\n \t<li>und Freunde. Und vor allem die Gemeinden auf Bali<\/li>\n \t<li><strong>So werden wir die indonesische Stimmung heben<\/strong><\/li>\n<\/ul>\t\t\t\t\t\t\t\t<\/div>\n\t\t\t\t<\/div>\n\t\t\t\t\t<\/div>\n\t\t<\/div>\n\t\t\t\t\t<\/div>\n\t\t<\/section>\n\t\t\t\t<section class=\"elementor-section elementor-top-section elementor-element elementor-element-5f4ae44 elementor-section-boxed elementor-section-height-default elementor-section-height-default\" data-id=\"5f4ae44\" data-element_type=\"section\" data-e-type=\"section\">\n\t\t\t\t\t\t<div class=\"elementor-container elementor-column-gap-default\">\n\t\t\t\t\t<div class=\"elementor-column elementor-col-33 elementor-top-column elementor-element elementor-element-04f8b8e\" data-id=\"04f8b8e\" data-element_type=\"column\" data-e-type=\"column\">\n\t\t\t<div class=\"elementor-widget-wrap elementor-element-populated\">\n\t\t\t\t\t\t<div class=\"elementor-element elementor-element-f66f929 elementor-widget elementor-widget-image\" data-id=\"f66f929\" data-element_type=\"widget\" data-e-type=\"widget\" data-widget_type=\"image.default\">\n\t\t\t\t<div class=\"elementor-widget-container\">\n\t\t\t\t\t\t\t\t\t\t\t\t\t\t\t<img decoding=\"async\" src=\"https:\/\/spiceislandsdistillingco.com\/wp-content\/uploads\/2021\/12\/shutterstock_531917743-1-300x169.jpg\" title=\"shutterstock_531917743-(1)\" alt=\"shutterstock_531917743-(1)\" loading=\"lazy\" \/>\t\t\t\t\t\t\t\t\t\t\t\t\t\t\t<\/div>\n\t\t\t\t<\/div>\n\t\t\t\t<div class=\"elementor-element elementor-element-cc3df4f elementor-widget elementor-widget-heading\" data-id=\"cc3df4f\" data-element_type=\"widget\" data-e-type=\"widget\" data-widget_type=\"heading.default\">\n\t\t\t\t<div class=\"elementor-widget-container\">\n\t\t\t\t\t<h3 class=\"elementor-heading-title elementor-size-default\">Verliebt in indonesische Produkte<\/h3>\t\t\t\t<\/div>\n\t\t\t\t<\/div>\n\t\t\t\t<div class=\"elementor-element elementor-element-40ba3f1 elementor-widget elementor-widget-text-editor\" data-id=\"40ba3f1\" data-element_type=\"widget\" data-e-type=\"widget\" data-widget_type=\"text-editor.default\">\n\t\t\t\t<div class=\"elementor-widget-container\">\n\t\t\t\t\t\t\t\t\t<p class=\"p2\">Ob uralte Muskatnussb\u00e4ume aus Banda, handgepfl\u00fcckter Kaffee aus dem nebligen Hochland von Toraja oder die k\u00fchne und sch\u00f6ne Ingwer-Fackel-Blume \u2013 wir lieben indonesische Produkte und sind st\u00e4ndig auf der Suche nach Aromen, die den Geist Indonesiens wirklich verk\u00f6rpern.<\/p>\t\t\t\t\t\t\t\t<\/div>\n\t\t\t\t<\/div>\n\t\t\t\t\t<\/div>\n\t\t<\/div>\n\t\t\t\t<div class=\"elementor-column elementor-col-33 elementor-top-column elementor-element elementor-element-1592bdc\" data-id=\"1592bdc\" data-element_type=\"column\" data-e-type=\"column\">\n\t\t\t<div class=\"elementor-widget-wrap elementor-element-populated\">\n\t\t\t\t\t\t<div class=\"elementor-element elementor-element-bc19321 elementor-widget elementor-widget-image\" data-id=\"bc19321\" data-element_type=\"widget\" data-e-type=\"widget\" data-widget_type=\"image.default\">\n\t\t\t\t<div class=\"elementor-widget-container\">\n\t\t\t\t\t\t\t\t\t\t\t\t\t\t\t<img decoding=\"async\" src=\"https:\/\/spiceislandsdistillingco.com\/wp-content\/uploads\/2021\/12\/nusantara-cold-brew-1-300x300.jpg\" title=\"nusantara-cold-brew\" alt=\"nusantara-cold-brew\" loading=\"lazy\" \/>\t\t\t\t\t\t\t\t\t\t\t\t\t\t\t<\/div>\n\t\t\t\t<\/div>\n\t\t\t\t<div class=\"elementor-element elementor-element-c59e2d1 elementor-widget elementor-widget-heading\" data-id=\"c59e2d1\" data-element_type=\"widget\" data-e-type=\"widget\" data-widget_type=\"heading.default\">\n\t\t\t\t<div class=\"elementor-widget-container\">\n\t\t\t\t\t<h3 class=\"elementor-heading-title elementor-size-default\">Indonesische Stimmung wecken<\/h3>\t\t\t\t<\/div>\n\t\t\t\t<\/div>\n\t\t\t\t<div class=\"elementor-element elementor-element-b52d64c elementor-widget elementor-widget-text-editor\" data-id=\"b52d64c\" data-element_type=\"widget\" data-e-type=\"widget\" data-widget_type=\"text-editor.default\">\n\t\t\t\t<div class=\"elementor-widget-container\">\n\t\t\t\t\t\t\t\t\t<p class=\"p2\">Wir werden indonesische Spirituosen f\u00f6rdern und Menschen mit der gleichen Leidenschaft f\u00fcr indonesische Craft-Spirituosen begeistern wie wir. Wir erreichen dies, indem wir die Qualit\u00e4t steigern, wirklich erstklassige Craft-Spirituosen herstellen, die immer authentisch hergestellt werden, und die einzigartigen Aromen Indonesiens mit der Welt teilen.<\/p>\t\t\t\t\t\t\t\t<\/div>\n\t\t\t\t<\/div>\n\t\t\t\t\t<\/div>\n\t\t<\/div>\n\t\t\t\t<div class=\"elementor-column elementor-col-33 elementor-top-column elementor-element elementor-element-0955830\" data-id=\"0955830\" data-element_type=\"column\" data-e-type=\"column\">\n\t\t\t<div class=\"elementor-widget-wrap elementor-element-populated\">\n\t\t\t\t\t\t<div class=\"elementor-element elementor-element-f6325ed elementor-widget elementor-widget-image\" data-id=\"f6325ed\" data-element_type=\"widget\" data-e-type=\"widget\" data-widget_type=\"image.default\">\n\t\t\t\t<div class=\"elementor-widget-container\">\n\t\t\t\t\t\t\t\t\t\t\t\t\t\t\t<img decoding=\"async\" src=\"https:\/\/spiceislandsdistillingco.com\/wp-content\/uploads\/2021\/12\/Spice-Islands-Distilling-\u2013-Gede-Still-4-300x450.jpg\" title=\"Spice Islands Distilling \u2013 Gede Still 4\" alt=\"Spice Islands Distilling \u2013 Gede Still 4\" loading=\"lazy\" \/>\t\t\t\t\t\t\t\t\t\t\t\t\t\t\t<\/div>\n\t\t\t\t<\/div>\n\t\t\t\t<div class=\"elementor-element elementor-element-26f08ad elementor-widget elementor-widget-heading\" data-id=\"26f08ad\" data-element_type=\"widget\" data-e-type=\"widget\" data-widget_type=\"heading.default\">\n\t\t\t\t<div class=\"elementor-widget-container\">\n\t\t\t\t\t<h3 class=\"elementor-heading-title elementor-size-default\">Wir gehen niemals Kompromisse ein<\/h3>\t\t\t\t<\/div>\n\t\t\t\t<\/div>\n\t\t\t\t<div class=\"elementor-element elementor-element-11fe107 elementor-widget elementor-widget-text-editor\" data-id=\"11fe107\" data-element_type=\"widget\" data-e-type=\"widget\" data-widget_type=\"text-editor.default\">\n\t\t\t\t<div class=\"elementor-widget-container\">\n\t\t\t\t\t\t\t\t\t<p class=\"p2\">Nur das Beste ist gut genug. Um erstklassige Spirituosen herzustellen, braucht man eine erstklassige Denkweise. Das bedeutet Weltklasse-Brennereien und eine Weltklasse-Brennerei. Keine Abk\u00fcrzungen. Keine falschen Aromen. Kein \u201eden einfachen Weg gehen\u201c. Streben danach, es besser zu machen. Kurz gesagt, keine Kompromisse.<\/p>\t\t\t\t\t\t\t\t<\/div>\n\t\t\t\t<\/div>\n\t\t\t\t\t<\/div>\n\t\t<\/div>\n\t\t\t\t\t<\/div>\n\t\t<\/section>\n\t\t\t\t<section class=\"elementor-section elementor-top-section elementor-element elementor-element-40cd196 elementor-section-boxed elementor-section-height-default elementor-section-height-default\" data-id=\"40cd196\" data-element_type=\"section\" data-e-type=\"section\">\n\t\t\t\t\t\t<div class=\"elementor-container elementor-column-gap-default\">\n\t\t\t\t\t<div class=\"elementor-column elementor-col-33 elementor-top-column elementor-element elementor-element-68f8e44\" data-id=\"68f8e44\" data-element_type=\"column\" data-e-type=\"column\">\n\t\t\t<div class=\"elementor-widget-wrap elementor-element-populated\">\n\t\t\t\t\t\t<div class=\"elementor-element elementor-element-d1fd7cc elementor-widget elementor-widget-image\" data-id=\"d1fd7cc\" data-element_type=\"widget\" data-e-type=\"widget\" data-widget_type=\"image.default\">\n\t\t\t\t<div class=\"elementor-widget-container\">\n\t\t\t\t\t\t\t\t\t\t\t\t\t\t\t<img decoding=\"async\" src=\"https:\/\/spiceislandsdistillingco.com\/wp-content\/uploads\/2021\/12\/IMG_5865-1-300x300.jpg\" title=\"IMG_5865 (1)\" alt=\"IMG_5865 (1)\" loading=\"lazy\" \/>\t\t\t\t\t\t\t\t\t\t\t\t\t\t\t<\/div>\n\t\t\t\t<\/div>\n\t\t\t\t<div class=\"elementor-element elementor-element-261363e elementor-widget elementor-widget-heading\" data-id=\"261363e\" data-element_type=\"widget\" data-e-type=\"widget\" data-widget_type=\"heading.default\">\n\t\t\t\t<div class=\"elementor-widget-container\">\n\t\t\t\t\t<h3 class=\"elementor-heading-title elementor-size-default\">Wir stehen zu unserem Wort<\/h3>\t\t\t\t<\/div>\n\t\t\t\t<\/div>\n\t\t\t\t<div class=\"elementor-element elementor-element-2498305 elementor-widget elementor-widget-text-editor\" data-id=\"2498305\" data-element_type=\"widget\" data-e-type=\"widget\" data-widget_type=\"text-editor.default\">\n\t\t\t\t<div class=\"elementor-widget-container\">\n\t\t\t\t\t\t\t\t\t<p class=\"p2\">Ein gegebenes Versprechen ist ein gehaltenes Versprechen. Ehrlichkeit ist unser Credo. Wir stellen unsere Craft-Spirituosen authentisch her und sind offen dar\u00fcber, wie wir sie herstellen. Was du siehst ist was du kriegst. Wir hei\u00dfen Sie herzlich willkommen, unsere Brennerei zu besuchen, unsere Getr\u00e4nke zu probieren und Ihre Stimmung zu heben.<\/p>\t\t\t\t\t\t\t\t<\/div>\n\t\t\t\t<\/div>\n\t\t\t\t\t<\/div>\n\t\t<\/div>\n\t\t\t\t<div class=\"elementor-column elementor-col-33 elementor-top-column elementor-element elementor-element-8cabd14\" data-id=\"8cabd14\" data-element_type=\"column\" data-e-type=\"column\">\n\t\t\t<div class=\"elementor-widget-wrap elementor-element-populated\">\n\t\t\t\t\t\t<div class=\"elementor-element elementor-element-efe0158 elementor-widget elementor-widget-image\" data-id=\"efe0158\" data-element_type=\"widget\" data-e-type=\"widget\" data-widget_type=\"image.default\">\n\t\t\t\t<div class=\"elementor-widget-container\">\n\t\t\t\t\t\t\t\t\t\t\t\t\t\t\t<img decoding=\"async\" src=\"https:\/\/spiceislandsdistillingco.com\/wp-content\/uploads\/2022\/01\/DSCF1012-1-300x203.jpg\" title=\"DSCF1012-1\" alt=\"DSCF1012-1\" loading=\"lazy\" \/>\t\t\t\t\t\t\t\t\t\t\t\t\t\t\t<\/div>\n\t\t\t\t<\/div>\n\t\t\t\t<div class=\"elementor-element elementor-element-4e86a21 elementor-widget elementor-widget-heading\" data-id=\"4e86a21\" data-element_type=\"widget\" data-e-type=\"widget\" data-widget_type=\"heading.default\">\n\t\t\t\t<div class=\"elementor-widget-container\">\n\t\t\t\t\t<h3 class=\"elementor-heading-title elementor-size-default\">Wir innovieren. Wir schneiden und schneiden niemals. Paste<\/h3>\t\t\t\t<\/div>\n\t\t\t\t<\/div>\n\t\t\t\t<div class=\"elementor-element elementor-element-d57ecdf elementor-widget elementor-widget-text-editor\" data-id=\"d57ecdf\" data-element_type=\"widget\" data-e-type=\"widget\" data-widget_type=\"text-editor.default\">\n\t\t\t\t<div class=\"elementor-widget-container\">\n\t\t\t\t\t\t\t\t\t<p class=\"p2\">Wir h\u00f6ren nie auf, mit den erstklassigen Aromen Indonesiens oder den neuesten Techniken und Innovationen aus der ganzen Welt zu experimentieren. Wir gehen an die Grenzen des M\u00f6glichen und was andere sagen, ist aus einem einfachen Grund nicht m\u00f6glich. Um die indonesische Stimmung zu heben<\/p>\t\t\t\t\t\t\t\t<\/div>\n\t\t\t\t<\/div>\n\t\t\t\t\t<\/div>\n\t\t<\/div>\n\t\t\t\t<div class=\"elementor-column elementor-col-33 elementor-top-column elementor-element elementor-element-8a01f4d\" data-id=\"8a01f4d\" data-element_type=\"column\" data-e-type=\"column\">\n\t\t\t<div class=\"elementor-widget-wrap elementor-element-populated\">\n\t\t\t\t\t\t<div class=\"elementor-element elementor-element-ae4b551 elementor-widget elementor-widget-image\" data-id=\"ae4b551\" data-element_type=\"widget\" data-e-type=\"widget\" data-widget_type=\"image.default\">\n\t\t\t\t<div class=\"elementor-widget-container\">\n\t\t\t\t\t\t\t\t\t\t\t\t\t\t\t<img decoding=\"async\" src=\"https:\/\/spiceislandsdistillingco.com\/wp-content\/uploads\/2021\/12\/Group-staff-300x225.jpg\" title=\"Group staff\" alt=\"Group staff\" loading=\"lazy\" \/>\t\t\t\t\t\t\t\t\t\t\t\t\t\t\t<\/div>\n\t\t\t\t<\/div>\n\t\t\t\t<div class=\"elementor-element elementor-element-556af99 elementor-widget elementor-widget-heading\" data-id=\"556af99\" data-element_type=\"widget\" data-e-type=\"widget\" data-widget_type=\"heading.default\">\n\t\t\t\t<div class=\"elementor-widget-container\">\n\t\t\t\t\t<h3 class=\"elementor-heading-title elementor-size-default\">Eine gro\u00dfe, gl\u00fcckliche und erweiterte Familie<\/h3>\t\t\t\t<\/div>\n\t\t\t\t<\/div>\n\t\t\t\t<div class=\"elementor-element elementor-element-756727e elementor-widget elementor-widget-text-editor\" data-id=\"756727e\" data-element_type=\"widget\" data-e-type=\"widget\" data-widget_type=\"text-editor.default\">\n\t\t\t\t<div class=\"elementor-widget-container\">\n\t\t\t\t\t\t\t\t\t<p class=\"p2\">Wie jeder wei\u00df, der in der Getr\u00e4nkebranche t\u00e4tig ist, sind wir eine gro\u00dfe Familie. Ganz gleich, ob es sich um unsere Teammitglieder, unsere Kunden oder unsere lokalen indonesischen Gemeinden handelt, wir k\u00fcmmern uns wirklich um unsere Mitarbeiter, indem wir Zeit und M\u00fche in Schulung, Aufkl\u00e4rung und etwas zur\u00fcckgeben.<\/p>\t\t\t\t\t\t\t\t<\/div>\n\t\t\t\t<\/div>\n\t\t\t\t\t<\/div>\n\t\t<\/div>\n\t\t\t\t\t<\/div>\n\t\t<\/section>\n\t\t\t\t<\/div>","protected":false},"excerpt":{"rendered":"<p>Wir werden die indonesische Stimmung wecken Ein Vorgeschmack auf die Gew\u00fcrzinseln Wir werden die indonesische Stimmung heben, indem wir&#8230;Unser Engagement f\u00fcr die Herstellung authentischer, handwerklich hergestellter Spirituosen in kleinen Mengen in einer Weltklasse-BrennereiSchaffen Sie unvergessliche Erlebnisse, die es wert sind, ein Glas Spirituosen zu trinkenGeben Sie unseren Gemeinden etwas zur\u00fcck, um ihre Stimmung zu heben [&hellip;]<\/p>\n","protected":false},"author":4,"featured_media":0,"parent":0,"menu_order":0,"comment_status":"closed","ping_status":"closed","template":"","meta":{"site-sidebar-layout":"no-sidebar","site-content-layout":"page-builder","ast-site-content-layout":"","site-content-style":"default","site-sidebar-style":"default","ast-global-header-display":"","ast-banner-title-visibility":"","ast-main-header-display":"","ast-hfb-above-header-display":"","ast-hfb-below-header-display":"","ast-hfb-mobile-header-display":"","site-post-title":"disabled","ast-breadcrumbs-content":"","ast-featured-img":"disabled","footer-sml-layout":"","theme-transparent-header-meta":"default","adv-header-id-meta":"","stick-header-meta":"","header-above-stick-meta":"","header-main-stick-meta":"","header-below-stick-meta":"","astra-migrate-meta-layouts":"default","ast-page-background-enabled":"default","ast-page-background-meta":{"desktop":{"background-color":"var(--ast-global-color-4)","background-image":"","background-repeat":"repeat","background-position":"center center","background-size":"auto","background-attachment":"scroll","background-type":"","background-media":"","overlay-type":"","overlay-color":"","overlay-opacity":"","overlay-gradient":""},"tablet":{"background-color":"","background-image":"","background-repeat":"repeat","background-position":"center center","background-size":"auto","background-attachment":"scroll","background-type":"","background-media":"","overlay-type":"","overlay-color":"","overlay-opacity":"","overlay-gradient":""},"mobile":{"background-color":"","background-image":"","background-repeat":"repeat","background-position":"center center","background-size":"auto","background-attachment":"scroll","background-type":"","background-media":"","overlay-type":"","overlay-color":"","overlay-opacity":"","overlay-gradient":""}},"ast-content-background-meta":{"desktop":{"background-color":"var(--ast-global-color-5)","background-image":"","background-repeat":"repeat","background-position":"center center","background-size":"auto","background-attachment":"scroll","background-type":"","background-media":"","overlay-type":"","overlay-color":"","overlay-opacity":"","overlay-gradient":""},"tablet":{"background-color":"var(--ast-global-color-5)","background-image":"","background-repeat":"repeat","background-position":"center center","background-size":"auto","background-attachment":"scroll","background-type":"","background-media":"","overlay-type":"","overlay-color":"","overlay-opacity":"","overlay-gradient":""},"mobile":{"background-color":"var(--ast-global-color-5)","background-image":"","background-repeat":"repeat","background-position":"center center","background-size":"auto","background-attachment":"scroll","background-type":"","background-media":"","overlay-type":"","overlay-color":"","overlay-opacity":"","overlay-gradient":""}},"__cvm_playback_settings":[],"__cvm_video_id":"","footnotes":""},"class_list":["post-2052","page","type-page","status-publish","hentry"],"_links":{"self":[{"href":"https:\/\/spiceislandsdistillingco.com\/de\/wp-json\/wp\/v2\/pages\/2052","targetHints":{"allow":["GET"]}}],"collection":[{"href":"https:\/\/spiceislandsdistillingco.com\/de\/wp-json\/wp\/v2\/pages"}],"about":[{"href":"https:\/\/spiceislandsdistillingco.com\/de\/wp-json\/wp\/v2\/types\/page"}],"author":[{"embeddable":true,"href":"https:\/\/spiceislandsdistillingco.com\/de\/wp-json\/wp\/v2\/users\/4"}],"replies":[{"embeddable":true,"href":"https:\/\/spiceislandsdistillingco.com\/de\/wp-json\/wp\/v2\/comments?post=2052"}],"version-history":[{"count":4,"href":"https:\/\/spiceislandsdistillingco.com\/de\/wp-json\/wp\/v2\/pages\/2052\/revisions"}],"predecessor-version":[{"id":2190,"href":"https:\/\/spiceislandsdistillingco.com\/de\/wp-json\/wp\/v2\/pages\/2052\/revisions\/2190"}],"wp:attachment":[{"href":"https:\/\/spiceislandsdistillingco.com\/de\/wp-json\/wp\/v2\/media?parent=2052"}],"curies":[{"name":"wp","href":"https:\/\/api.w.org\/{rel}","templated":true}]}}