{"id":1985,"date":"2024-02-14T18:36:18","date_gmt":"2024-02-14T18:36:18","guid":{"rendered":"https:\/\/spiceislandsdistillingco.com\/?page_id=1985"},"modified":"2024-03-19T11:49:34","modified_gmt":"2024-03-19T11:49:34","slug":"privacy-policy-de","status":"publish","type":"page","link":"https:\/\/spiceislandsdistillingco.com\/de\/privacy-policy-de\/","title":{"rendered":"Datenschutzrichtlinie"},"content":{"rendered":"<div data-elementor-type=\"wp-page\" data-elementor-id=\"1985\" class=\"elementor elementor-1985\" data-elementor-post-type=\"page\">\n\t\t\t\t\t\t<section class=\"elementor-section elementor-top-section elementor-element elementor-element-11dcfcf9 elementor-section-boxed elementor-section-height-default elementor-section-height-default\" data-id=\"11dcfcf9\" data-element_type=\"section\" data-e-type=\"section\">\n\t\t\t\t\t\t<div class=\"elementor-container elementor-column-gap-default\">\n\t\t\t\t\t<div class=\"elementor-column elementor-col-100 elementor-top-column elementor-element elementor-element-44e5b1a5\" data-id=\"44e5b1a5\" data-element_type=\"column\" data-e-type=\"column\">\n\t\t\t<div class=\"elementor-widget-wrap elementor-element-populated\">\n\t\t\t\t\t\t<div class=\"elementor-element elementor-element-7fe03c8 elementor-widget elementor-widget-heading\" data-id=\"7fe03c8\" data-element_type=\"widget\" data-e-type=\"widget\" data-widget_type=\"heading.default\">\n\t\t\t\t<div class=\"elementor-widget-container\">\n\t\t\t\t\t<h1 class=\"elementor-heading-title elementor-size-default\">Privacy Policy<\/h1>\t\t\t\t<\/div>\n\t\t\t\t<\/div>\n\t\t\t\t<div class=\"elementor-element elementor-element-1e87ac5 elementor-widget-divider--view-line elementor-widget elementor-widget-divider\" data-id=\"1e87ac5\" data-element_type=\"widget\" data-e-type=\"widget\" data-widget_type=\"divider.default\">\n\t\t\t\t<div class=\"elementor-widget-container\">\n\t\t\t\t\t\t\t<div class=\"elementor-divider\">\n\t\t\t<span class=\"elementor-divider-separator\">\n\t\t\t\t\t\t<\/span>\n\t\t<\/div>\n\t\t\t\t\t\t<\/div>\n\t\t\t\t<\/div>\n\t\t\t\t<div class=\"elementor-element elementor-element-3eb93255 elementor-widget elementor-widget-text-editor\" data-id=\"3eb93255\" data-element_type=\"widget\" data-e-type=\"widget\" data-widget_type=\"text-editor.default\">\n\t\t\t\t<div class=\"elementor-widget-container\">\n\t\t\t\t\t\t\t\t\t<p><\/p>\n\n<p>Dieses Datenschutzrichtliniendokument enth\u00e4lt Arten von Informationen, die von der Spice Island Distillery Group gesammelt und aufgezeichnet werden, und wie wir sie verwenden. Diese Datenschutzrichtlinie gilt nur f\u00fcr unsere Online-Aktivit\u00e4ten und gilt f\u00fcr Besucher unserer Website in Bezug auf die Informationen, die sie an die Spice Island Distillery Group weitergegeben und\/oder gesammelt haben. Diese Richtlinie gilt nicht f\u00fcr Informationen, die offline oder \u00fcber andere Kan\u00e4le als diese Website erfasst werden.<\/p>\n\n<h3 class=\"padding-t-20 wp-block-heading\">ZWECK DER SAMMLUNG:<\/h3>\n\n<p>Wir sind bestrebt, Sie \u00fcber die Erhebung und Verwendung personenbezogener Daten zu informieren, die von Ihnen bereitgestellt oder von Ihnen w\u00e4hrend der Nutzung unserer Websites, Produkte und Dienstleistungen erfasst werden. Es ist unsere Standardpraxis, Sie nicht um Informationen zu bitten, es sei denn, wir ben\u00f6tigen diese. Der Hauptzweck der Erhebung Ihrer personenbezogenen Daten besteht darin, dass wir Ihnen die gew\u00fcnschten Dienstleistungen erbringen k\u00f6nnen, beispielsweise die Abwicklung einer Transaktion. Dar\u00fcber hinaus k\u00f6nnen Informationen zu folgenden Zwecken erhoben werden:<\/p>\n\n<ul>\n\n<li>Erf\u00fcllung von Informationsanfragen;<\/li>\n\n<li>Kauf von Produkten oder Dienstleistungen;<\/li>\n\n<li>Reaktion auf unsere Mitteilungen (z. B. Umfragen oder Werbeangebote);<\/li>\n\n<li>Anpassung an Ihre pers\u00f6nlichen Vorlieben;<\/li>\n\n<li>Erf\u00fcllung von Anfragen zu Dienstleistungen oder Empfehlungen, die wir Ihnen anbieten;<\/li>\n\n<li>Zusammenarbeit mit Drittquellen mit Ihrer Zustimmung, einschlie\u00dflich der Verarbeitung von Informationen, die Sie \u00fcber soziale Netzwerke und andere Websites zur Verf\u00fcgung stellen, um uns dabei zu helfen, Ihre Interessen besser zu verstehen und Ihnen besser zu dienen;<\/li>\n\n<li>Aktualisierung Ihrer Kontaktinformationen, einschlie\u00dflich Ihrer Adresse; oder<\/li>\n\n<li>Erleichtert die \u00dcbermittlung einer Weiterleitungs-E-Mail an einen Freund auf Ihren Wunsch.<\/li>\n\n<\/ul>\n\n<p class=\"padding-t-20\">Wir bitten Sie m\u00f6glicherweise auch um Ihre Erlaubnis, Ihre personenbezogenen Daten f\u00fcr die folgenden Zwecke zu verwenden:<\/p>\n\n<ul>\n\n<li>Senden von Direktmarketing-Nachrichten und Mitteilungen an Sie in Bezug auf die von der Spice Island Distillery Group, unseren strategischen Marketingpartnern und anderen vertrauensw\u00fcrdigen Dritten angebotenen Produkte und Dienstleistungen;<\/li>\n\n<li>Durchf\u00fchrung von Marktforschung mittels Umfragen, um Ihre Bed\u00fcrfnisse besser zu erf\u00fcllen, die Wirksamkeit unserer Websites und unserer verschiedenen Arten von Kommunikations- und Werbekampagnen und -aktivit\u00e4ten zu verbessern.<\/li>\n\n<li>Wir k\u00f6nnen auch personenbezogene Daten analysieren, die wir f\u00fcr die oben genannten Zwecke verarbeiten, um die Bed\u00fcrfnisse unserer Kunden besser zu verstehen, unsere Dienstleistungen und unsere Arbeitsweise zu verbessern. Das Ergebnis einer solchen Analyse sind lediglich aggregierte Daten, die nicht dazu verwendet werden, eine Person zu identifizieren, herauszugreifen oder darauf zu reagieren, sondern nur zur Analyse von Trends und anderem Verhalten auf aggregierter Ebene.<\/li>\n\n<\/ul>\n\n<h3 class=\"padding-t-20\">ARTEN VON INFORMATIONEN, DIE WIR SAMMELN:<\/h3>\n\n<p>Wir sammeln Informationen \u00fcber unsere Kunden und Website-Besucher, damit wir ein Erlebnis bieten k\u00f6nnen, das auf die Bed\u00fcrfnisse unserer Kunden eingeht. Um die oben genannten Zwecke zu erf\u00fcllen, k\u00f6nnen wir personenbezogene Daten oder Informationen \u00fcber Sie sammeln, die Sie direkt oder indirekt identifizieren k\u00f6nnen. Zu diesen Daten k\u00f6nnen in erster Linie Ihr Name, Ihre Privat-, Arbeits- und E-Mail-Adresse, Ihr Mobiltelefon, Ihre Kreditkarteninformationen, Ihr Geburtsdatum, Ihr Geschlecht sowie Informationen zu Ihrem Lebensstil wie Produkt-\/Dienstleistungspr\u00e4ferenzen, Freizeitaktivit\u00e4ten und andere Informationen geh\u00f6ren, die zur Erf\u00fcllung besonderer Anforderungen erforderlich sind Anfragen.<br \/>Wenn Sie unsere Websites besuchen, erfassen wir m\u00f6glicherweise auch Internetprotokollinformationen und Details zu Besucherverhaltensmustern, die wir nur in einer Weise verarbeiten, die Sie (oder andere) nicht identifiziert. Wenn wir Ihre Daten auf diese Weise verwenden, versuchen wir nicht, Sie zu identifizieren oder Informationen auf individueller Ebene herauszuarbeiten. Wenn wir Sie identifizieren oder herausgreifen m\u00f6chten, machen wir dies bei der Erhebung der Informationen deutlich und erl\u00e4utern, was wir damit vorhaben.<\/p>\n\n<h3 class=\"padding-t-20\">ZUSTIMMUNG:<\/h3>\n\n<p>Sie k\u00f6nnen den Erhalt von Marketing-E-Mails der Spice Island Distillery Group zu den Angeboten und Dienstleistungen der Spice Island Distillery Group jederzeit abbestellen, wenn wir Ihre Daten erfassen, indem Sie auf den in solchen Mitteilungen enthaltenen Link klicken oder uns direkt kontaktieren Deaktivieren Sie Direktmarketing, Telemarketing, E-Mails oder Umfragen.<br \/>In einigen F\u00e4llen wird Ihre Zustimmung aufgrund der Art der angeforderten Dienstleistung oder der durchgef\u00fchrten Transaktion impliziert. Beispielsweise k\u00f6nnen wir personenbezogene Daten, die Sie uns freiwillig zur Verf\u00fcgung stellen, oder Verhaltensdaten oder andere gesammelte Informationen sammeln und verwenden. Dar\u00fcber hinaus gilt Ihre Zustimmung als erteilt f\u00fcr Mitteilungen von uns, die zur Erf\u00fcllung der von Ihnen angeforderten Transaktionen und Dienstleistungen erforderlich sind.<br \/>Unter bestimmten Umst\u00e4nden werden wir Ihre ausdr\u00fcckliche Zustimmung einholen, wenn wir Informationen sammeln, die unter bestimmte Datenschutzbestimmungen fallen Vorschriften, die sensibler Natur sind (z. B. Informationen, die die Rasse oder ethnische Herkunft, politische Meinungen, religi\u00f6se oder philosophische \u00dcberzeugungen, Gesundheitszust\u00e4nde oder Gerichtsdaten offenlegen), sofern dies nach geltendem Recht zul\u00e4ssig oder erforderlich ist.<\/p>\n\n<h3 class=\"padding-t-20\">\u00dcBERTRAGUNG:<\/h3>\n\n<p>In den meisten F\u00e4llen werden die von Ihnen bereitgestellten Informationen zur Hauptdatenbank der Spice Island Distillery Group hinzugef\u00fcgt. Grunds\u00e4tzlich verkaufen, vermieten oder \u00fcberlassen wir Ihre personenbezogenen Daten nicht an unabh\u00e4ngige Dritte au\u00dferhalb des Systems der Spice Island Distillery Group.<\/p>\n\n<p class=\"padding-t-20\">Situationen, in denen wir Ihre Daten m\u00f6glicherweise an andere weitergeben, sind unter anderem:<\/p>\n\n<ul>\n\n<li>Wenn wir Ihre Einwilligung dazu erhalten haben<\/li>\n\n<li>Wenn Unternehmen oder Dienstleister, die Gesch\u00e4ftsaktivit\u00e4ten im Namen der Spice Island Distillery Group durchf\u00fchren, solche Informationen ben\u00f6tigen, um die in ihren Vereinbarungen mit der Spice Island Distillery Group festgelegten Aufgaben auszuf\u00fchren (z. B. Kreditkartenabwicklung, Kundendienstdienste, Marktforschungsverwaltung oder Datenbankverwaltungsdienste),<\/li>\n\n<li>F\u00fcr den Fall, dass die Spice Island Distillery Group fusioniert oder von einem anderen Unternehmen \u00fcbernommen wird,<\/li>\n\n<li>Um gesetzliche oder beh\u00f6rdliche Anforderungen oder Verpflichtungen gem\u00e4\u00df geltendem Recht, einem Gerichtsbeschluss oder einer Vorladung einzuhalten,<\/li>\n\n<li>Im Notfall, beispielsweise zum Schutz des Lebens, der Gesundheit oder des Eigentums einer Person.<\/li>\n\n<\/ul>\n\n<p class=\"padding-t-20\">Wenn Informationen wie oben erw\u00e4hnt weitergegeben werden, sind wir bestrebt, den Umfang der bereitgestellten Informationen auf den Umfang zu beschr\u00e4nken, der f\u00fcr die Erf\u00fcllung des spezifischen Zwecks erforderlich ist.<br \/>Sofern nicht etwas anderes ausgeschlossen ist Im Rahmen eines rechtlichen Verfahrens sind Dritte verpflichtet, Ihre personenbezogenen Daten gem\u00e4\u00df unserer Richtlinie zu sch\u00fctzen und die geltenden Datenschutzgesetze und -vorschriften einzuhalten.<\/p>\n\n<h3 class=\"padding-t-20\">L\u00d6SCHUNG UND AUFBEWAHRUNG IHRER PERS\u00d6NLICHEN DATEN:<\/h3>\n\n<p>Ihre personenbezogenen Daten werden in einer Form gespeichert, die es erm\u00f6glicht, Sie zu identifizieren, und zwar nicht l\u00e4nger, als es f\u00fcr die Zwecke, f\u00fcr die wir Ihre Daten erhoben und verwendet haben, erforderlich ist. Ihre personenbezogenen Daten k\u00f6nnen in bestimmten Dateien f\u00fcr einen bestimmten Zeitraum gespeichert werden, wie es das geltende Recht und die Datenaufbewahrungsrichtlinien der Spice Island Distillery Group erfordern, um solche finanziellen oder rechtlichen Anforderungen zu erf\u00fcllen, Streitigkeiten ordnungsgem\u00e4\u00df beizulegen oder Probleme zu beheben. Dar\u00fcber hinaus k\u00f6nnen einige Arten von Informationen aufgrund technischer Einschr\u00e4nkungen auf unbestimmte Zeit gespeichert werden und f\u00fcr die weitere Verarbeitung zu Zwecken, die nicht gesetzlich vorgeschrieben sind, gesperrt werden.<\/p>\n\n<h3 class=\"padding-t-20\">Zugriff auf, Aktualisierung und Entfernung Ihrer pers\u00f6nlichen Daten:<\/h3>\n\n<p>Sie k\u00f6nnen verlangen, Zugang zu Ihren von uns gespeicherten personenbezogenen Daten zu erhalten oder Ihre personenbezogenen Daten aktualisieren, l\u00f6schen oder sperren zu lassen, es sei denn, dies erweist sich als unm\u00f6glich oder ist mit einem unverh\u00e4ltnism\u00e4\u00dfigen Aufwand verbunden. Sie k\u00f6nnen eine Best\u00e4tigung dar\u00fcber verlangen, ob wir Ihre personenbezogenen Daten verarbeiten und was diese Daten sind.<\/p>\n\n<p class=\"padding-t-20\">Soweit es das \u00f6rtliche Recht zul\u00e4sst, k\u00f6nnen Sie uns auffordern, Ihre personenbezogenen Daten zu l\u00f6schen, wenn einer der folgenden Umst\u00e4nde vorliegt:<\/p>\n\n<ul>\n\n<li>Ihre personenbezogenen Daten sind f\u00fcr die Zwecke, f\u00fcr die sie erhoben oder auf sonstige Weise verarbeitet wurden, nicht mehr notwendig;<\/li>\n\n<li>wenn die Verarbeitung auf Ihrer Einwilligung beruhte und Sie Ihre Einwilligung widerrufen haben, Ihre Einwilligung abgelaufen ist oder kein Rechtsgrund mehr f\u00fcr die Verarbeitung Ihrer personenbezogenen Daten besteht;<\/li>\n\n<li>Wenn die Verarbeitung Direktmarketingzwecken dient oder Sie einen berechtigten Widerspruch einlegen;<\/li>\n\n<li>Ein Gericht oder eine Aufsichtsbeh\u00f6rde hat entschieden, dass Ihre betreffenden personenbezogenen Daten gel\u00f6scht werden m\u00fcssen;<\/li>\n\n<li>Ihre personenbezogenen Daten wurden unrechtm\u00e4\u00dfig verarbeitet.<\/li>\n\n<\/ul>\n\n<p class=\"padding-t-20\">Um sicherzustellen, dass Ihre pers\u00f6nlichen Daten korrekt und aktuell sind, empfehlen wir Ihnen, Ihre Informationen regelm\u00e4\u00dfig zu \u00fcberpr\u00fcfen und gegebenenfalls zu aktualisieren (z. B. Ihre Privat- oder E-Mail-Adresse). \u00c4nderungen oder Sie m\u00f6chten eine zus\u00e4tzliche Methode f\u00fcr die Kommunikation mit Ihnen hinzuf\u00fcgen).<br \/>Aus den oben genannten Gr\u00fcnden sollten Sie daher nicht immer damit rechnen, dass alle Ihre personenbezogenen Daten als Reaktion auf Ihre Anfrage vollst\u00e4ndig aus unseren Datenbanken entfernt werden auf Anfrage, obwohl wir unsere Datenaufbewahrungspraktiken regelm\u00e4\u00dfig \u00fcberpr\u00fcfen, um sicherzustellen, dass personenbezogene Daten, w\u00e4hrend sie sich auf den Systemen der Spice Island Distillery Group und\/oder der Dienstleister der Spice Island Distillery Group befinden, nicht aktiv verarbeitet werden und nur darauf zugegriffen werden kann sofern gesetzlich vorgeschrieben.<br \/>Bitte nutzen Sie die entsprechenden Kontaktinformationen, um uns bez\u00fcglich der Aktualisierung Ihrer Kommunikationspr\u00e4ferenzen, der Entfernung aus unseren Marketinglisten oder der \u00dcbermittlung einer allgemeinen Frage oder Anfrage zu kontaktieren.<\/p>\n\n<h3 class=\"padding-t-20\">SICHERHEITSHINWEISE:<\/h3>\n\n<p>Die Spice Island Distillery Group ist sich der Bedeutung der Informationssicherheit bewusst und \u00fcberpr\u00fcft und verbessert st\u00e4ndig unsere technischen, physischen und logischen Sicherheitsregeln und -verfahren. Alle Websites und Server der Spice Island Distillery Group verf\u00fcgen \u00fcber Sicherheitsma\u00dfnahmen, um Ihre pers\u00f6nlichen Daten vor versehentlichem Verlust, Missbrauch, unrechtm\u00e4\u00dfigem oder unbefugtem Zugriff, Offenlegung oder \u00c4nderung zu sch\u00fctzen, w\u00e4hrend sie unter unserer Kontrolle stehen. Obwohl es weder im Internet noch au\u00dferhalb des Internets eine garantierte Sicherheit gibt, sch\u00fctzen wir Ihre Daten durch geeignete administrative, verfahrenstechnische und technische Sicherheitsvorkehrungen, einschlie\u00dflich Passwortkontrollen und Firewalls.<\/p>\n\n<h3 class=\"padding-t-20\">ONLINE-TECHNOLOGIEN:<\/h3>\n\n<p>Die Spice Island Distillery Group und ihre externen Marketingpartner k\u00f6nnen Cookies, unsichtbare Pixel und Web-Beacons verwenden, um beim Besuch unserer Websites Informationen \u00fcber Sie zu erhalten. Ein Cookie ist eine sehr kleine Textdatei, die von einem Webserver an Ihren Browser gesendet und auf der Festplatte Ihres Computers gespeichert wird. Die Cookies der Spice Island Distillery Group weisen Ihrem Computer eine eindeutige Kennung zu, die wiederum zu Ihrem Ausweis wird, wenn Sie zur Website der Spice Island Distillery Group zur\u00fcckkehren.<br \/>Cookies sollen Ihnen Zeit sparen, weil sie uns bei der Bereitstellung helfen Ihnen ein individuelles Erlebnis zu bieten, ohne dass Sie uns jedes Mal, wenn Sie auf unsere Webseiten zur\u00fcckkehren, an Ihre Pr\u00e4ferenzen erinnern m\u00fcssen. Die Cookies der Spice Island Distillery Group sind nicht darauf ausgelegt, Ihre Dateien zu besch\u00e4digen, noch k\u00f6nnen sie Informationen aus anderen Dateien auf der Festplatte Ihres Computers lesen.<\/p>\n\n<p class=\"padding-t-20\">Cookies k\u00f6nnen uns auch auf folgende Weise dabei helfen, Ihnen ein personalisiertes Erlebnis zu bieten:<\/p>\n\n<ul>\n\n<li>Merken Sie sich Ihren Benutzernamen und Ihr Passwort f\u00fcr zuk\u00fcnftige Besuche, damit die Anmeldung einfacher und schneller ist.<\/li>\n\n<li>Sorgen daf\u00fcr, dass Ihnen die passenden Frames und Inhalte zur Verf\u00fcgung gestellt werden<\/li>\n\n<li>Wir stellen sicher, dass Sie alle angeforderten Informationen erhalten.<\/li>\n\n<li>Wir helfen uns dabei, relevante und auf Ihre Interessen und Ihren Standort abgestimmte Mitteilungen bereitzustellen.<\/li>\n\n<\/ul>\n\n<p class=\"padding-t-20\">Die Cookies der Spice Island Distillery Group sind nur auf unsere Websites und Dienste beschr\u00e4nkt und nicht dazu gedacht, Ihnen zu folgen, wenn Sie nach Ihrer Abreise im Internet unterwegs sind. Wir verfolgen die Nutzung unserer Websites, um Ihren Bed\u00fcrfnissen besser gerecht zu werden und Ihnen das Auffinden von Informationen in Zukunft zu erleichtern. Bitte beachten Sie, dass zus\u00e4tzlich zu den Cookies der Spice Island Distillery Group auch verschiedene Dritte Cookies auf der Festplatte Ihres Computers platzieren k\u00f6nnen.<br \/>Die Spice Island Distillery Group ist nicht verantwortlich f\u00fcr das Vorhandensein oder Fehlen von Cookies Dritter f\u00fcr die technischen M\u00f6glichkeiten oder Praktiken Dritter im Zusammenhang mit Drittanbieter-Cookies.<\/p>\n\n<p class=\"padding-t-20\">Wenn Sie die Vorteile von Cookies lieber nicht nutzen m\u00f6chten, kann Ihr Internetbrowser so eingestellt werden, dass er Cookies auf unterschiedliche Weise behandelt. Abh\u00e4ngig von der Art des von Ihnen verwendeten Browsers k\u00f6nnen Sie Ihren Browser m\u00f6glicherweise so konfigurieren, dass:<\/p>\n\n<ul>\n\n<li>Sie werden aufgefordert, Cookies einzeln zu akzeptieren oder abzulehnen oder,<\/li>\n\n<li>M\u00f6glicherweise k\u00f6nnen Sie verhindern, dass Ihr Browser \u00fcberhaupt Cookies akzeptiert.<\/li>\n\n<\/ul>\n\n<p>F\u00fcr spezifische Details zur Cookie-Sicherheit sollten Sie sich an den Lieferanten oder Hersteller Ihres Webbrowsers wenden. Sie sollten sich jedoch auch dar\u00fcber im Klaren sein, dass die Ablehnung von Cookies Ihre F\u00e4higkeit, bestimmte Transaktionen auf unseren Websites durchzuf\u00fchren, und unsere F\u00e4higkeit, Ihren Browser von einem Besuch zum n\u00e4chsten wiederzuerkennen, beeintr\u00e4chtigen kann.<\/p>\n\n<p>Die Spice Island Distillery Group verwendet au\u00dferdem unsichtbare Pixel, manchmal auch Web Beacons genannt, um zu z\u00e4hlen, wie viele Personen bestimmte Webseiten besuchen. Die von unsichtbaren Pixeln gesammelten Informationen werden in aggregierter Form verwendet und gemeldet und enthalten keine personenbezogenen Daten. Die Spice Island Distillery Group kann diese Informationen nutzen, um Marketingprogramme und -inhalte zu verbessern.<\/p>\n\n<p>Wir arbeiten auch mit Anbietern und strategischen Marketingpartnern zusammen, um Ihnen bei der Bereitstellung von Werbung und personalisierten Inhalten zu helfen, von denen wir glauben, dass sie f\u00fcr Sie von Interesse sind. Zu diesen Anbietern und anderen Partnern geh\u00f6ren Werbetreibende, Werbeagenturen, Werbenetzwerke, Anbieter von Zielgruppensegmenten, Datenaustausch, Analyseanbieter und andere \u00e4hnliche Anbieter. Diese Partner und Anbieter verwenden Cookies und Web-Beacons, um Informationen \u00fcber Ihre Online-Aktivit\u00e4ten zu sammeln (z. B. die Websites und Seiten, die Sie auf den Websites der Spice Island Distillery Group und anderen Websites Dritter besucht haben), um The Spice Island Distillery Group zu unterst\u00fctzen ( und in einigen F\u00e4llen Drittanbieter-Werbetreibende) liefern Ihnen personalisierte Inhalte und Werbung, w\u00e4hrend Sie sich auf der Spice Island Distillery Group oder anderen Websites befinden.<\/p>\n\n<p>Wir k\u00f6nnen einen dieser Anbieter auch damit beauftragen, unsere Werbung an Verbraucher zu schalten, deren Online-Verhalten auf anderen Websites als den Websites der Spice Island Distillery Group darauf hindeutet, dass sie m\u00f6glicherweise an F&#038;B und Lifestyle interessiert sind. In anderen F\u00e4llen treffen wir Sondervereinbarungen mit bestimmten Werbetreibenden, von denen wir glauben, dass sie f\u00fcr unsere Website-Besucher von Interesse sein k\u00f6nnten. Wir erlauben diesen Werbetreibenden, Co-Branding-Nachrichten (z. B. The Spice Island Distillery Group und der Werbetreibende) direkt an Verbraucher zu \u00fcbermitteln, die unsere Webseiten besucht haben. Diese Art von Co-Branding-Werbung kann auf den Websites der Spice Island Distillery Group oder auf Websites Dritter erscheinen.<\/p>\n\n<h3 class=\"padding-t-20\">LINKS ZU ANDEREN WEBSITES:<\/h3>\n\n<p>Um Ihre Bed\u00fcrfnisse vorherzusehen, stellt unsere Website zu Ihrer Bequemlichkeit und Information Links zu anderen Websites und Dritten bereit. Wir sind nicht verantwortlich f\u00fcr die Erhebung, Nutzung, Pflege, Weitergabe oder Offenlegung von Daten (einschlie\u00dflich personenbezogener Daten) durch solche Dritten. Wir empfehlen Ihnen, diese Dritten zu kontaktieren und Fragen zu deren Datenschutzpraktiken, Richtlinien und Sicherheitsma\u00dfnahmen zu stellen, bevor Sie personenbezogene Daten offenlegen. Wir empfehlen Ihnen, die Datenschutzerkl\u00e4rungen und Richtlinien der verlinkten Websites zu lesen, um zu verstehen, wie diese Websites Informationen sammeln, verwenden und speichern.<\/p>\n\n<h3 class=\"padding-t-20\">MINDERJ\u00c4HRIGE:<\/h3>\n\n<p class=\"padding-b-40\">Wir streben nicht danach, personenbezogene Daten direkt von Minderj\u00e4hrigen zu erhalten, und m\u00f6chten dies auch nicht tun; Allerdings k\u00f6nnen wir nicht immer das Alter der Personen bestimmen, die auf unsere Websites zugreifen und diese nutzen. Wenn ein Minderj\u00e4hriger (im Sinne des geltenden Rechts) uns seine Daten ohne Zustimmung der Eltern oder Erziehungsberechtigten zur Verf\u00fcgung stellt, empfehlen wir dem Elternteil oder Erziehungsberechtigten, sich an uns zu wenden, um diese Informationen entfernen zu lassen und den Minderj\u00e4hrigen von zuk\u00fcnftigen Marketingaktivit\u00e4ten der Spice Island Distillery Group abzumelden Kommunikation.<\/p>\n\n<p><\/p>\t\t\t\t\t\t\t\t<\/div>\n\t\t\t\t<\/div>\n\t\t\t\t\t<\/div>\n\t\t<\/div>\n\t\t\t\t\t<\/div>\n\t\t<\/section>\n\t\t\t\t<\/div>","protected":false},"excerpt":{"rendered":"<p>Privacy Policy Dieses Datenschutzrichtliniendokument enth\u00e4lt Arten von Informationen, die von der Spice Island Distillery Group gesammelt und aufgezeichnet werden, und wie wir sie verwenden. Diese Datenschutzrichtlinie gilt nur f\u00fcr unsere Online-Aktivit\u00e4ten und gilt f\u00fcr Besucher unserer Website in Bezug auf die Informationen, die sie an die Spice Island Distillery Group weitergegeben und\/oder gesammelt haben. Diese [&hellip;]<\/p>\n","protected":false},"author":4,"featured_media":0,"parent":0,"menu_order":0,"comment_status":"closed","ping_status":"closed","template":"elementor_header_footer","meta":{"site-sidebar-layout":"default","site-content-layout":"default","ast-site-content-layout":"","site-content-style":"default","site-sidebar-style":"default","ast-global-header-display":"","ast-banner-title-visibility":"","ast-main-header-display":"","ast-hfb-above-header-display":"","ast-hfb-below-header-display":"","ast-hfb-mobile-header-display":"","site-post-title":"","ast-breadcrumbs-content":"","ast-featured-img":"","footer-sml-layout":"","theme-transparent-header-meta":"default","adv-header-id-meta":"","stick-header-meta":"","header-above-stick-meta":"","header-main-stick-meta":"","header-below-stick-meta":"","astra-migrate-meta-layouts":"default","ast-page-background-enabled":"default","ast-page-background-meta":{"desktop":{"background-color":"var(--ast-global-color-4)","background-image":"","background-repeat":"repeat","background-position":"center center","background-size":"auto","background-attachment":"scroll","background-type":"","background-media":"","overlay-type":"","overlay-color":"","overlay-opacity":"","overlay-gradient":""},"tablet":{"background-color":"","background-image":"","background-repeat":"repeat","background-position":"center center","background-size":"auto","background-attachment":"scroll","background-type":"","background-media":"","overlay-type":"","overlay-color":"","overlay-opacity":"","overlay-gradient":""},"mobile":{"background-color":"","background-image":"","background-repeat":"repeat","background-position":"center center","background-size":"auto","background-attachment":"scroll","background-type":"","background-media":"","overlay-type":"","overlay-color":"","overlay-opacity":"","overlay-gradient":""}},"ast-content-background-meta":{"desktop":{"background-color":"var(--ast-global-color-5)","background-image":"","background-repeat":"repeat","background-position":"center center","background-size":"auto","background-attachment":"scroll","background-type":"","background-media":"","overlay-type":"","overlay-color":"","overlay-opacity":"","overlay-gradient":""},"tablet":{"background-color":"var(--ast-global-color-5)","background-image":"","background-repeat":"repeat","background-position":"center center","background-size":"auto","background-attachment":"scroll","background-type":"","background-media":"","overlay-type":"","overlay-color":"","overlay-opacity":"","overlay-gradient":""},"mobile":{"background-color":"var(--ast-global-color-5)","background-image":"","background-repeat":"repeat","background-position":"center center","background-size":"auto","background-attachment":"scroll","background-type":"","background-media":"","overlay-type":"","overlay-color":"","overlay-opacity":"","overlay-gradient":""}},"__cvm_playback_settings":[],"__cvm_video_id":"","footnotes":""},"class_list":["post-1985","page","type-page","status-publish","hentry"],"_links":{"self":[{"href":"https:\/\/spiceislandsdistillingco.com\/de\/wp-json\/wp\/v2\/pages\/1985","targetHints":{"allow":["GET"]}}],"collection":[{"href":"https:\/\/spiceislandsdistillingco.com\/de\/wp-json\/wp\/v2\/pages"}],"about":[{"href":"https:\/\/spiceislandsdistillingco.com\/de\/wp-json\/wp\/v2\/types\/page"}],"author":[{"embeddable":true,"href":"https:\/\/spiceislandsdistillingco.com\/de\/wp-json\/wp\/v2\/users\/4"}],"replies":[{"embeddable":true,"href":"https:\/\/spiceislandsdistillingco.com\/de\/wp-json\/wp\/v2\/comments?post=1985"}],"version-history":[{"count":5,"href":"https:\/\/spiceislandsdistillingco.com\/de\/wp-json\/wp\/v2\/pages\/1985\/revisions"}],"predecessor-version":[{"id":2196,"href":"https:\/\/spiceislandsdistillingco.com\/de\/wp-json\/wp\/v2\/pages\/1985\/revisions\/2196"}],"wp:attachment":[{"href":"https:\/\/spiceislandsdistillingco.com\/de\/wp-json\/wp\/v2\/media?parent=1985"}],"curies":[{"name":"wp","href":"https:\/\/api.w.org\/{rel}","templated":true}]}}